{"id":8,"date":"2017-06-01T19:22:17","date_gmt":"2017-06-01T19:22:17","guid":{"rendered":"http:\/\/quiosquedogrego.com.br\/?page_id=8"},"modified":"2023-03-17T16:32:10","modified_gmt":"2023-03-17T16:32:10","slug":"kips-super-sanduicheria","status":"publish","type":"page","link":"https:\/\/quiosquedogrego.com.br\/","title":{"rendered":"Home"},"content":{"rendered":"\n<h3 style=\"text-align: center;\"><a style=\"color: #d9aa2b; text-decoration: none;\" href=\"https:\/\/grego.grandchef.com.br\/\" target=\"_blank\" rel=\"noopener\">Fa\u00e7a seu pedido on-line aqui!<\/a><\/h3>\n\t<p><a style=\"position: relative; bottom: 130px;\" name=\"grego\"><\/a><\/p>\n<h3>&nbsp;Nossa Hist\u00f3ria<\/h3>\n<p>Somos uma casa de tradi\u00e7\u00e3o, daquelas que seus pais visitaram quando se conheceram e voc\u00ea vai gostar de ir com seus amigos. Nosso lema \u00e9 romper gera\u00e7\u00f5es e fazemos isso com um card\u00e1pio que oferece amor em nossas receitas, aliado ao nosso segredinho, que faz toda a diferen\u00e7a. Atrav\u00e9s dos nossos hamb\u00fargueres e nossos molhos especiais, que vamos mexer com seu imagin\u00e1rio, al\u00e9m do super a\u00e7a\u00ed do grego, que \u00e9 paix\u00e3o a primeira colher. Nosso maior valor \u00e9 entregar qualidade e oferecer um espa\u00e7o incr\u00edvel em meio ao ar livre. Ficamos na simp\u00e1tica pra\u00e7a do Grego, na Ilha do Governador, o lugar ideal pra curtir com toda a fam\u00edlia.<\/p>\n\t\t\t\t<img decoding=\"async\" src=\"http:\/\/quiosquedogrego.com.br\/wp-content\/uploads\/2017\/06\/1-600x600-1.jpg\" alt=\"<p>\nO Desafio!\n<\/p>&#8221; itemprop=&#8221;image&#8221; height=&#8221;600&#8243; width=&#8221;600&#8243;>\n\t\t\t\t\nO Desafio!\n\n\t<h6 style=\"text-align: center;\">SETE PECADOS<\/h6>\n\t\t\t\t<img decoding=\"async\" src=\"http:\/\/quiosquedogrego.com.br\/wp-content\/uploads\/2017\/06\/3-1.jpg\" alt=\"<p> Copo 300ml, 500ml, 700ml e A\u00e7a\u00ed na Tijela<\/p>&#8221; itemprop=&#8221;image&#8221; height=&#8221;598&#8243; width=&#8221;598&#8243;>\n\t\t\t\t<p> Copo 300ml, 500ml, 700ml e A\u00e7a\u00ed na Tijela<\/p>\n\t<h6 style=\"text-align: center;\">A\u00c7A\u00cd<\/h6>\n\t\t\t\t<img decoding=\"async\" src=\"http:\/\/quiosquedogrego.com.br\/wp-content\/uploads\/2017\/06\/dogao-duplo-especial-600x600.jpg\" alt=\"<p>2 lingui\u00e7as fritas, catupiry, cheddar, provolone, presunto e bacon.<\/p>&#8221; itemprop=&#8221;image&#8221; height=&#8221;600&#8243; width=&#8221;600&#8243;>\n\t\t\t\t<p>2 lingui\u00e7as fritas, catupiry, cheddar, provolone, presunto e bacon.<\/p>\n\t<h6 style=\"text-align: center;\">DOG\u00c3O DUPLO ESPECIAL<\/h6>\n\t\t\t\t<img decoding=\"async\" src=\"http:\/\/quiosquedogrego.com.br\/wp-content\/uploads\/2017\/06\/suco-destaque.jpg\" alt=\"<p>\nSucos naturais e ao leite\n<\/p>&#8221; itemprop=&#8221;image&#8221; height=&#8221;2733&#8243; width=&#8221;2733&#8243;>\n\t\t\t\t\nSucos naturais e ao leite\n\n\t<h6 style=\"text-align: center;\">SUCOS<\/h6>\n\t\t\t\t<img decoding=\"async\" src=\"http:\/\/quiosquedogrego.com.br\/wp-content\/uploads\/2017\/06\/3.jpg\" alt=\"<p>2 hamb\u00fargueres de picanha, queijo prato, catupiry, cheddar, bacon, ovo, presunto e provolone.\n<\/p>&#8221; itemprop=&#8221;image&#8221; height=&#8221;1022&#8243; width=&#8221;1022&#8243;>\n\t\t\t\t2 hamb\u00fargueres de picanha, queijo prato, catupiry, cheddar, bacon, ovo, presunto e provolone.\n\n\t<h6 style=\"text-align: center;\">DUPLO PICANHA ESPECIAL<\/h6>\n\t\t\t\t<img decoding=\"async\" src=\"http:\/\/quiosquedogrego.com.br\/wp-content\/uploads\/2017\/06\/5.jpg\" alt=\"<p>Por\u00e7\u00e3o de Carne de Sol<br \/> com Aipim na Telha <\/p>&#8221; itemprop=&#8221;image&#8221; height=&#8221;2400&#8243; width=&#8221;2400&#8243;>\n\t\t\t\t<p>Por\u00e7\u00e3o de Carne de Sol<br> com Aipim na Telha <\/p>\n\t<h6 style=\"text-align: center;\">CARNE DE SOL COM AIPIM<\/h6>\n\t\t\t\t<img decoding=\"async\" loading=\"lazy\" src=\"http:\/\/quiosquedogrego.com.br\/wp-content\/uploads\/2017\/06\/destaq-hamb-tem-sabor.jpg\" alt=\"destaq hamb tem sabor\" itemprop=\"image\" height=\"2387\" width=\"3588\">\n\t<p><a name=\"cardapio\"><\/a><\/p>\n<h3>Card\u00e1pio<\/h3>\nNossos deliciosos hamb\u00fargueres s\u00e3o desenvolvidos com os melhores ingredientes e os melhores sabores para voc\u00ea!<br>\nConhe\u00e7a nossa variedade de lanches, por\u00e7\u00f5es, sucos, a\u00e7a\u00ed e muito mais&#8230;\n\t<a href=\"http:\/\/quiosquedogrego.com.br\/?page_id=53\">  Ver card\u00e1pio completo  <\/a>\n\t<a href=\"http:\/\/quiosquedogrego.com.br\/?page_id=714\">  Lan\u00e7amentos  <\/a>\n\t<p><a name=\"contato\"> &nbsp;<\/a><\/p>\n<h3 style=\"text-align: center;\">Fale com o Grego<\/h3>\n<small>Alguma d\u00favida ou sugest\u00e3o entre em contato conosco.<\/small>\n\t<br>\n<strong>Rua U\u00e7\u00e1, s\/n,&nbsp;Jardim Guanabara<\/strong><br>\n<strong> Ilha do Governador &#8211; RJ<\/strong><br>\n<strong> CEP: 21940-680<\/strong>\n\t<br>\n<strong>(21) 2137-1145<\/strong><br>\n<strong> (21) 2466-1145<\/strong>\n\t<br>\n<strong><a href=\"http:\/\/quiosquedogrego.com.br\/#mobirise-free-mac.zip\">contato@quiosquedogrego.com<\/a><\/strong>\n\t<p><iframe loading=\"lazy\" style=\"border: 0;\" src=\"https:\/\/www.google.com\/maps\/embed\/v1\/place?key=AIzaSyA0Dx_boXQiwvdz8sJHoYeZNVTdoWONYkU&amp;q=place_id:ChIJp_S4jjl4mQARVf-rbJ8JMtE\" width=\"100%\" height=\"300\" frameborder=\"0\" allowfullscreen=\"allowfullscreen\"><\/iframe><\/p>\n\t\t\t\t<img decoding=\"async\" loading=\"lazy\" src=\"http:\/\/quiosquedogrego.com.br\/wp-content\/uploads\/2017\/06\/alimenta-1.png\" alt=\"alimenta\" itemprop=\"image\" height=\"77\" width=\"150\">\n\t\t\t\t<img decoding=\"async\" loading=\"lazy\" src=\"http:\/\/quiosquedogrego.com.br\/wp-content\/uploads\/2017\/06\/gran-1.png\" alt=\"gran\" itemprop=\"image\" height=\"77\" width=\"150\">\n\t\t\t\t<img decoding=\"async\" loading=\"lazy\" src=\"http:\/\/quiosquedogrego.com.br\/wp-content\/uploads\/2017\/06\/acai.png\" alt=\"acai\" itemprop=\"image\" height=\"77\" width=\"150\">\n\t\n","protected":false},"excerpt":{"rendered":"<p>Fa\u00e7a seu pedido on-line aqui! &nbsp;Nossa Hist\u00f3ria Somos uma casa de tradi\u00e7\u00e3o, daquelas que seus pais visitaram quando se conheceram e voc\u00ea vai gostar de ir com seus amigos. Nosso lema \u00e9 romper gera\u00e7\u00f5es e fazemos isso com um card\u00e1pio [&hellip;]<\/p>\n","protected":false},"author":1,"featured_media":0,"parent":0,"menu_order":0,"comment_status":"closed","ping_status":"closed","template":"","meta":[],"_links":{"self":[{"href":"https:\/\/quiosquedogrego.com.br\/index.php?rest_route=\/wp\/v2\/pages\/8"}],"collection":[{"href":"https:\/\/quiosquedogrego.com.br\/index.php?rest_route=\/wp\/v2\/pages"}],"about":[{"href":"https:\/\/quiosquedogrego.com.br\/index.php?rest_route=\/wp\/v2\/types\/page"}],"author":[{"embeddable":true,"href":"https:\/\/quiosquedogrego.com.br\/index.php?rest_route=\/wp\/v2\/users\/1"}],"replies":[{"embeddable":true,"href":"https:\/\/quiosquedogrego.com.br\/index.php?rest_route=%2Fwp%2Fv2%2Fcomments&post=8"}],"version-history":[{"count":53,"href":"https:\/\/quiosquedogrego.com.br\/index.php?rest_route=\/wp\/v2\/pages\/8\/revisions"}],"predecessor-version":[{"id":725,"href":"https:\/\/quiosquedogrego.com.br\/index.php?rest_route=\/wp\/v2\/pages\/8\/revisions\/725"}],"wp:attachment":[{"href":"https:\/\/quiosquedogrego.com.br\/index.php?rest_route=%2Fwp%2Fv2%2Fmedia&parent=8"}],"curies":[{"name":"wp","href":"https:\/\/api.w.org\/{rel}","templated":true}]}}